{"id":7241,"date":"2024-10-10T14:07:14","date_gmt":"2024-10-10T14:07:14","guid":{"rendered":"https:\/\/demo.casethemes.net\/maiko\/?page_id=7241"},"modified":"2025-11-19T08:37:18","modified_gmt":"2025-11-19T08:37:18","slug":"projelerimiz","status":"publish","type":"page","link":"https:\/\/www.zennxgroup.com\/en\/projelerimiz\/","title":{"rendered":"Our Projects"},"content":{"rendered":"<div data-elementor-type=\"wp-page\" data-elementor-id=\"7241\" class=\"elementor elementor-7241\">\n\t\t\t\t        <section class=\"elementor-section elementor-top-section elementor-element elementor-element-d2c0ba2 elementor-section-stretched elementor-section-boxed elementor-section-height-default elementor-section-height-default pxl-row-scroll-none pxl-zoom-point-false pxl-section-overflow-visible pxl-section-fix-none pxl_parallax_bg_img_noise-none pxl-bg-color-none pxl-section-overlay-none\" data-id=\"d2c0ba2\" data-element_type=\"section\" data-settings=\"{&quot;stretch_section&quot;:&quot;section-stretched&quot;}\">\n\n                \n                <div class=\"elementor-container elementor-column-gap-extended\">\n                <div class=\"elementor-column elementor-col-100 elementor-top-column elementor-element elementor-element-a19dd72 pxl-column-none pxl-column-overflow-hidden-no pxl-column-zoom-no\" data-id=\"a19dd72\" data-element_type=\"column\">\r\n        <div class=\"elementor-widget-wrap elementor-element-populated\">\r\n                     \r\n        \t\t<div class=\"elementor-element elementor-element-a2c21de pxl-post-layout-portfolio-1 elementor-widget elementor-widget-pxl_post_grid\" data-id=\"a2c21de\" data-element_type=\"widget\" data-widget_type=\"pxl_post_grid.default\">\n\t\t\t\t<div class=\"elementor-widget-container\">\n\t\t\t\t\t\n<div id=\"pxl_post_grid-a2c21de-6284\" class=\"pxl-grid pxl-portfolio-grid pxl-portfolio-grid-layout1 pxl-portfolio-style1 df pxl-effect--3d none\" data-start-page=\"1\" data-max-pages=\"1\" data-total=\"4\" data-perpage=\"5\" data-next-link=\"\" data-layout=\"masonry\">\n            <div class=\"pxl-grid-filter\">\n            <div class=\"pxl--filter-inner\">\n                <span class=\"filter-item active\" data-filter=\"*\">\n                    All Projects                                    <\/span>\n                                        <span class=\"filter-item\" data-filter=\".konut\">\n                            Residential                                                    <\/span>\n                                                            <span class=\"filter-item\" data-filter=\".ticari\">\n                            Commercial                                                    <\/span>\n                                                <\/div>\n            <div class=\"filter-marker\"><\/div>\n        <\/div>\n    \n    <div class=\"pxl-grid-inner pxl-grid-masonry row\" data-gutter=\"15\">\n        <div class=\"grid-sizer col-xl-4 col-lg-4 col-md-6 col-sm-6 col-12\"><\/div>\n                        <div class=\"pxl-grid-item col-xl-4 col-lg-4 col-md-6 col-sm-6 col-12 konut\">\n\n                    <div class=\"pxl-post--inner\" data-wow-duration=\"1.2s\">\n                        <div class=\"pxl-post--featured\">\n                            <a href=\"https:\/\/www.zennxgroup.com\/en\/proje\/nova210-kocaeli\/\">   \n                                <img fetchpriority=\"high\" decoding=\"async\" class=\"no-lazyload\" src=\"https:\/\/www.zennxgroup.com\/wp-content\/uploads\/2025\/11\/nova210-p-840x772.png\" width=\"840\" height=\"772\" alt=\"nova210-p\" title=\"nova210-p\" \/>                            <\/a>    \n                            <div class=\"pxl-post-content-hide\">\n                                <div class=\"pxl-post-content-top\">\n                                                                                                                <div class=\"pxl-post--content\">\n                                                                                                                                                                                <\/div>\n                                                                    <\/div>\n                                                                    <a class=\"btn-readmore\" href=\"https:\/\/www.zennxgroup.com\/en\/proje\/nova210-kocaeli\/\">   \n                                        <svg xmlns=\"http:\/\/www.w3.org\/2000\/svg\" id=\"Layer_1\" enable-background=\"new 0 0 20 20\" height=\"17\" viewbox=\"0 0 20 20\" width=\"21\"><path d=\"m12 2-1.4 1.4 5.6 5.6h-16.2v2h16.2l-5.6 5.6 1.4 1.4 8-8z\" fill=\"#fff\"\/><\/svg>\n                                    <\/a>\n                                                            <\/div>\n                            <a class=\"pxl-item--overlay\" href=\"https:\/\/www.zennxgroup.com\/en\/proje\/nova210-kocaeli\/\">   \n                            <\/a>  \n                        <\/div>\n                                                    <div class=\"pxl-post--holder\">\n                                                                    <div class=\"pxl-post--category\">\n                                        <a href=\"https:\/\/www.zennxgroup.com\/en\/proje-kategori\/konut\/\" rel=\"tag\">Residential<\/a>                                    <\/div>\n                                                                <h5 class=\"pxl-post--title\">\n                                    <a href=\"https:\/\/www.zennxgroup.com\/en\/proje\/nova210-kocaeli\/\">   \n                                        Nova210 \u2013 Kocaeli                                    <\/a>    \n                                <\/h5>\n                            <\/div>\n                                            <\/div>\n                <\/div>\n                                    <div class=\"pxl-grid-item col-xl-4 col-lg-4 col-md-6 col-sm-6 col-12 ticari\">\n\n                    <div class=\"pxl-post--inner\" data-wow-duration=\"1.2s\">\n                        <div class=\"pxl-post--featured\">\n                            <a href=\"https:\/\/www.zennxgroup.com\/en\/proje\/triada-carsi-ankara\/\">   \n                                <img decoding=\"async\" class=\"no-lazyload\" src=\"https:\/\/www.zennxgroup.com\/wp-content\/uploads\/2025\/11\/triada-840x772.jpg\" width=\"840\" height=\"772\" alt=\"triada\" title=\"triada\" \/>                            <\/a>    \n                            <div class=\"pxl-post-content-hide\">\n                                <div class=\"pxl-post-content-top\">\n                                                                                                                <div class=\"pxl-post--content\">\n                                                                                                                                                                                <\/div>\n                                                                    <\/div>\n                                                                    <a class=\"btn-readmore\" href=\"https:\/\/www.zennxgroup.com\/en\/proje\/triada-carsi-ankara\/\">   \n                                        <svg xmlns=\"http:\/\/www.w3.org\/2000\/svg\" id=\"Layer_1\" enable-background=\"new 0 0 20 20\" height=\"17\" viewbox=\"0 0 20 20\" width=\"21\"><path d=\"m12 2-1.4 1.4 5.6 5.6h-16.2v2h16.2l-5.6 5.6 1.4 1.4 8-8z\" fill=\"#fff\"\/><\/svg>\n                                    <\/a>\n                                                            <\/div>\n                            <a class=\"pxl-item--overlay\" href=\"https:\/\/www.zennxgroup.com\/en\/proje\/triada-carsi-ankara\/\">   \n                            <\/a>  \n                        <\/div>\n                                                    <div class=\"pxl-post--holder\">\n                                                                    <div class=\"pxl-post--category\">\n                                        <a href=\"https:\/\/www.zennxgroup.com\/en\/proje-kategori\/ticari\/\" rel=\"tag\">Commercial<\/a>                                    <\/div>\n                                                                <h5 class=\"pxl-post--title\">\n                                    <a href=\"https:\/\/www.zennxgroup.com\/en\/proje\/triada-carsi-ankara\/\">   \n                                        Triada Shopping Center \u2013 Ankara                                    <\/a>    \n                                <\/h5>\n                            <\/div>\n                                            <\/div>\n                <\/div>\n                                    <div class=\"pxl-grid-item col-xl-4 col-lg-4 col-md-6 col-sm-6 col-12 konut\">\n\n                    <div class=\"pxl-post--inner\" data-wow-duration=\"1.2s\">\n                        <div class=\"pxl-post--featured\">\n                            <a href=\"https:\/\/www.zennxgroup.com\/en\/proje\/corum-projesi\/\">   \n                                <img decoding=\"async\" class=\"no-lazyload\" src=\"https:\/\/www.zennxgroup.com\/wp-content\/uploads\/2025\/11\/cokyakinda-840x772.png\" width=\"840\" height=\"772\" alt=\"cokyakinda\" title=\"cokyakinda\" \/>                            <\/a>    \n                            <div class=\"pxl-post-content-hide\">\n                                <div class=\"pxl-post-content-top\">\n                                                                                                                <div class=\"pxl-post--content\">\n                                                                                                                                                                                <\/div>\n                                                                    <\/div>\n                                                                    <a class=\"btn-readmore\" href=\"https:\/\/www.zennxgroup.com\/en\/proje\/corum-projesi\/\">   \n                                        <svg xmlns=\"http:\/\/www.w3.org\/2000\/svg\" id=\"Layer_1\" enable-background=\"new 0 0 20 20\" height=\"17\" viewbox=\"0 0 20 20\" width=\"21\"><path d=\"m12 2-1.4 1.4 5.6 5.6h-16.2v2h16.2l-5.6 5.6 1.4 1.4 8-8z\" fill=\"#fff\"\/><\/svg>\n                                    <\/a>\n                                                            <\/div>\n                            <a class=\"pxl-item--overlay\" href=\"https:\/\/www.zennxgroup.com\/en\/proje\/corum-projesi\/\">   \n                            <\/a>  \n                        <\/div>\n                                                    <div class=\"pxl-post--holder\">\n                                                                    <div class=\"pxl-post--category\">\n                                        <a href=\"https:\/\/www.zennxgroup.com\/en\/proje-kategori\/konut\/\" rel=\"tag\">Residential<\/a>                                    <\/div>\n                                                                <h5 class=\"pxl-post--title\">\n                                    <a href=\"https:\/\/www.zennxgroup.com\/en\/proje\/corum-projesi\/\">   \n                                        \u00c7orum Housing Project                                    <\/a>    \n                                <\/h5>\n                            <\/div>\n                                            <\/div>\n                <\/div>\n                                    <div class=\"pxl-grid-item col-xl-4 col-lg-4 col-md-6 col-sm-6 col-12 konut ticari\">\n\n                    <div class=\"pxl-post--inner\" data-wow-duration=\"1.2s\">\n                        <div class=\"pxl-post--featured\">\n                            <a href=\"https:\/\/www.zennxgroup.com\/en\/proje\/nigde-projesi\/\">   \n                                <img decoding=\"async\" class=\"no-lazyload\" src=\"https:\/\/www.zennxgroup.com\/wp-content\/uploads\/2025\/11\/cokyakinda-840x772.png\" width=\"840\" height=\"772\" alt=\"cokyakinda\" title=\"cokyakinda\" \/>                            <\/a>    \n                            <div class=\"pxl-post-content-hide\">\n                                <div class=\"pxl-post-content-top\">\n                                                                                                                <div class=\"pxl-post--content\">\n                                                                                                                                                                                <\/div>\n                                                                    <\/div>\n                                                                    <a class=\"btn-readmore\" href=\"https:\/\/www.zennxgroup.com\/en\/proje\/nigde-projesi\/\">   \n                                        <svg xmlns=\"http:\/\/www.w3.org\/2000\/svg\" id=\"Layer_1\" enable-background=\"new 0 0 20 20\" height=\"17\" viewbox=\"0 0 20 20\" width=\"21\"><path d=\"m12 2-1.4 1.4 5.6 5.6h-16.2v2h16.2l-5.6 5.6 1.4 1.4 8-8z\" fill=\"#fff\"\/><\/svg>\n                                    <\/a>\n                                                            <\/div>\n                            <a class=\"pxl-item--overlay\" href=\"https:\/\/www.zennxgroup.com\/en\/proje\/nigde-projesi\/\">   \n                            <\/a>  \n                        <\/div>\n                                                    <div class=\"pxl-post--holder\">\n                                                                    <div class=\"pxl-post--category\">\n                                        <a href=\"https:\/\/www.zennxgroup.com\/en\/proje-kategori\/konut\/\" rel=\"tag\">Residential<\/a>, <a href=\"https:\/\/www.zennxgroup.com\/en\/proje-kategori\/ticari\/\" rel=\"tag\">Commercial<\/a>                                    <\/div>\n                                                                <h5 class=\"pxl-post--title\">\n                                    <a href=\"https:\/\/www.zennxgroup.com\/en\/proje\/nigde-projesi\/\">   \n                                        Ni\u011fde Residential + Commercial Project                                    <\/a>    \n                                <\/h5>\n                            <\/div>\n                                            <\/div>\n                <\/div>\n                        <\/div>\n        <\/div>\t\t\t\t<\/div>\n\t\t\t\t<\/div>\n\t\t            <\/div>\r\n        <\/div>\r\n        \t\t\t<\/div>\n\t\t<\/section>\n\t\t\t\t<\/div>","protected":false},"excerpt":{"rendered":"<p>T\u00fcm Projeler Konut Ticari Konut Deneme Konut Nova210 &#8211; Kocaeli Ticari Triada \u00c7ar\u015f\u0131 &#8211; Ankara Konut \u00c7orum Konut Projesi Konut, Ticari Ni\u011fde Konut + Ticari Projesi<\/p>","protected":false},"author":1,"featured_media":0,"parent":0,"menu_order":6,"comment_status":"closed","ping_status":"closed","template":"","meta":{"footnotes":""},"class_list":["post-7241","page","type-page","status-publish","hentry"],"_links":{"self":[{"href":"https:\/\/www.zennxgroup.com\/en\/wp-json\/wp\/v2\/pages\/7241","targetHints":{"allow":["GET"]}}],"collection":[{"href":"https:\/\/www.zennxgroup.com\/en\/wp-json\/wp\/v2\/pages"}],"about":[{"href":"https:\/\/www.zennxgroup.com\/en\/wp-json\/wp\/v2\/types\/page"}],"author":[{"embeddable":true,"href":"https:\/\/www.zennxgroup.com\/en\/wp-json\/wp\/v2\/users\/1"}],"replies":[{"embeddable":true,"href":"https:\/\/www.zennxgroup.com\/en\/wp-json\/wp\/v2\/comments?post=7241"}],"version-history":[{"count":1,"href":"https:\/\/www.zennxgroup.com\/en\/wp-json\/wp\/v2\/pages\/7241\/revisions"}],"predecessor-version":[{"id":24355,"href":"https:\/\/www.zennxgroup.com\/en\/wp-json\/wp\/v2\/pages\/7241\/revisions\/24355"}],"wp:attachment":[{"href":"https:\/\/www.zennxgroup.com\/en\/wp-json\/wp\/v2\/media?parent=7241"}],"curies":[{"name":"wp","href":"https:\/\/api.w.org\/{rel}","templated":true}]}}